{"id":124,"date":"2020-04-29T12:04:03","date_gmt":"2020-04-29T10:04:03","guid":{"rendered":"http:\/\/odkurzacz.selit.pl\/?page_id=124"},"modified":"2026-04-29T17:28:37","modified_gmt":"2026-04-29T15:28:37","slug":"myjka-cisnieniowa","status":"publish","type":"page","link":"https:\/\/odkurzacz.selit.pl\/index.php\/myjka-cisnieniowa\/","title":{"rendered":"Myjka ci\u015bnieniowa"},"content":{"rendered":"<p><img loading=\"lazy\" decoding=\"async\" class=\"alignnone size-medium wp-image-115\" src=\"http:\/\/odkurzacz.selit.pl\/wp-content\/uploads\/2020\/04\/przystawka-do-czyszczenia-fr-classic-300x300.jpg\" alt=\"\" width=\"300\" height=\"300\" srcset=\"https:\/\/odkurzacz.selit.pl\/wp-content\/uploads\/2020\/04\/przystawka-do-czyszczenia-fr-classic-300x300.jpg 300w, https:\/\/odkurzacz.selit.pl\/wp-content\/uploads\/2020\/04\/przystawka-do-czyszczenia-fr-classic-150x150.jpg 150w, https:\/\/odkurzacz.selit.pl\/wp-content\/uploads\/2020\/04\/przystawka-do-czyszczenia-fr-classic-768x768.jpg 768w, https:\/\/odkurzacz.selit.pl\/wp-content\/uploads\/2020\/04\/przystawka-do-czyszczenia-fr-classic.jpg 800w\" sizes=\"auto, (max-width: 300px) 100vw, 300px\" \/> <img loading=\"lazy\" decoding=\"async\" class=\"alignnone size-medium wp-image-114\" src=\"http:\/\/odkurzacz.selit.pl\/wp-content\/uploads\/2020\/04\/4688837_1_i1064-140x300.jpg\" alt=\"\" width=\"140\" height=\"300\" srcset=\"https:\/\/odkurzacz.selit.pl\/wp-content\/uploads\/2020\/04\/4688837_1_i1064-140x300.jpg 140w, https:\/\/odkurzacz.selit.pl\/wp-content\/uploads\/2020\/04\/4688837_1_i1064-477x1024.jpg 477w, https:\/\/odkurzacz.selit.pl\/wp-content\/uploads\/2020\/04\/4688837_1_i1064.jpg 517w\" sizes=\"auto, (max-width: 140px) 100vw, 140px\" \/><img loading=\"lazy\" decoding=\"async\" class=\"alignnone size-medium wp-image-116\" src=\"http:\/\/odkurzacz.selit.pl\/wp-content\/uploads\/2020\/04\/mycie-krzesla-300x200.jpg\" alt=\"\" width=\"300\" height=\"200\" srcset=\"https:\/\/odkurzacz.selit.pl\/wp-content\/uploads\/2020\/04\/mycie-krzesla-300x200.jpg 300w, https:\/\/odkurzacz.selit.pl\/wp-content\/uploads\/2020\/04\/mycie-krzesla.jpg 755w\" sizes=\"auto, (max-width: 300px) 100vw, 300px\" \/><\/p>\n<p><strong>Oferujemy wypo\u017cyczenie \u0142atwej w obs\u0142udze myjki ci\u015bnieniowej HD 5\/15 Plus + FR Classic.<\/strong><\/p>\n<p>Myjka idealnie nadaje si\u0119 do wykorzystania zar\u00f3wno do u\u017cytku prywatnego, jak r\u00f3wnie\u017c w firmach (bran\u017ca budowlana, transportowa i rolnictwo). Zastosowanie: mycie betonu, kamienia, drewna, glazury, kostki brukowej, taras\u00f3w, bram gara\u017cowych, \u015bcian, schod\u00f3w, maszyn budowlanych, aut itp.<\/p>\n<p>Ceny wynajmu myjki:<br \/>\n\u2013 1 dzie\u0144 85 PLN<br \/>\n\u2013 od 2 do 3 dni \u2013 80 z\u0142 za 1\/dob\u0119 (24h)<br \/>\n\u2013 4 dni i wi\u0119cej \u2013 75 z\u0142 za 1\/dob\u0119 (24h)<br \/>\nW cenie wypo\u017cyczenia myjki otrzymujesz r\u00f3wnie\u017c:<br \/>\n&#8211; FR Classic &#8211; przystawka rotacyjna do szybkiego, efektywnego i wygodnego czyszczenia powierzchni p\u0142askich bez rozprysk\u00f3w wody oraz dysz\u0119 rotacyjn\u0105.<\/p>\n<p>Dodatkowo mo\u017cliwo\u015b\u0107 wypo\u017cyczenie lancy pianowej (10 pln). W ofercie r\u00f3wnie\u017c chemia Karcher RM 838.<\/p>\n<p>&nbsp;<\/p>\n","protected":false},"excerpt":{"rendered":"<p>Oferujemy wypo\u017cyczenie \u0142atwej w obs\u0142udze myjki ci\u015bnieniowej HD 5\/15 Plus + FR Classic. Myjka idealnie nadaje si\u0119 do wykorzystania zar\u00f3wno do u\u017cytku prywatnego, jak r\u00f3wnie\u017c w firmach (bran\u017ca budowlana, transportowa i rolnictwo). Zastosowanie: mycie betonu, kamienia, drewna, glazury, kostki brukowej, taras\u00f3w, bram gara\u017cowych, \u015bcian, schod\u00f3w, maszyn budowlanych, aut itp. Ceny wynajmu myjki: \u2013 1 dzie\u0144&#8230;<\/p>\n","protected":false},"author":2,"featured_media":0,"parent":0,"menu_order":0,"comment_status":"closed","ping_status":"closed","template":"","meta":{"footnotes":""},"class_list":["post-124","page","type-page","status-publish","hentry"],"yoast_head":"<!-- This site is optimized with the Yoast SEO plugin v25.7 - https:\/\/yoast.com\/wordpress\/plugins\/seo\/ -->\n<title>Myjka ci\u015bnieniowa - Wypo\u017cyczalnia sprz\u0119tu czyszcz\u0105cego, ozonowanie, dezynfekcja.<\/title>\n<meta name=\"robots\" content=\"index, follow, max-snippet:-1, max-image-preview:large, max-video-preview:-1\" \/>\n<link rel=\"canonical\" href=\"https:\/\/odkurzacz.selit.pl\/index.php\/myjka-cisnieniowa\/\" \/>\n<meta property=\"og:locale\" content=\"pl_PL\" \/>\n<meta property=\"og:type\" content=\"article\" \/>\n<meta property=\"og:title\" content=\"Myjka ci\u015bnieniowa - Wypo\u017cyczalnia sprz\u0119tu czyszcz\u0105cego, ozonowanie, dezynfekcja.\" \/>\n<meta property=\"og:description\" content=\"Oferujemy wypo\u017cyczenie \u0142atwej w obs\u0142udze myjki ci\u015bnieniowej HD 5\/15 Plus + FR Classic. Myjka idealnie nadaje si\u0119 do wykorzystania zar\u00f3wno do u\u017cytku prywatnego, jak r\u00f3wnie\u017c w firmach (bran\u017ca budowlana, transportowa i rolnictwo). Zastosowanie: mycie betonu, kamienia, drewna, glazury, kostki brukowej, taras\u00f3w, bram gara\u017cowych, \u015bcian, schod\u00f3w, maszyn budowlanych, aut itp. Ceny wynajmu myjki: \u2013 1 dzie\u0144...\" \/>\n<meta property=\"og:url\" content=\"https:\/\/odkurzacz.selit.pl\/index.php\/myjka-cisnieniowa\/\" \/>\n<meta property=\"og:site_name\" content=\"Wypo\u017cyczalnia sprz\u0119tu czyszcz\u0105cego, ozonowanie, dezynfekcja.\" \/>\n<meta property=\"article:modified_time\" content=\"2026-04-29T15:28:37+00:00\" \/>\n<meta property=\"og:image\" content=\"https:\/\/odkurzacz.selit.pl\/wp-content\/uploads\/2020\/04\/przystawka-do-czyszczenia-fr-classic.jpg\" \/>\n\t<meta property=\"og:image:width\" content=\"800\" \/>\n\t<meta property=\"og:image:height\" content=\"800\" \/>\n\t<meta property=\"og:image:type\" content=\"image\/jpeg\" \/>\n<meta name=\"twitter:card\" content=\"summary_large_image\" \/>\n<meta name=\"twitter:label1\" content=\"Szacowany czas czytania\" \/>\n\t<meta name=\"twitter:data1\" content=\"2 minuty\" \/>\n<!-- \/ Yoast SEO plugin. -->","yoast_head_json":{"title":"Myjka ci\u015bnieniowa - Wypo\u017cyczalnia sprz\u0119tu czyszcz\u0105cego, ozonowanie, dezynfekcja.","robots":{"index":"index","follow":"follow","max-snippet":"max-snippet:-1","max-image-preview":"max-image-preview:large","max-video-preview":"max-video-preview:-1"},"canonical":"https:\/\/odkurzacz.selit.pl\/index.php\/myjka-cisnieniowa\/","og_locale":"pl_PL","og_type":"article","og_title":"Myjka ci\u015bnieniowa - Wypo\u017cyczalnia sprz\u0119tu czyszcz\u0105cego, ozonowanie, dezynfekcja.","og_description":"Oferujemy wypo\u017cyczenie \u0142atwej w obs\u0142udze myjki ci\u015bnieniowej HD 5\/15 Plus + FR Classic. Myjka idealnie nadaje si\u0119 do wykorzystania zar\u00f3wno do u\u017cytku prywatnego, jak r\u00f3wnie\u017c w firmach (bran\u017ca budowlana, transportowa i rolnictwo). Zastosowanie: mycie betonu, kamienia, drewna, glazury, kostki brukowej, taras\u00f3w, bram gara\u017cowych, \u015bcian, schod\u00f3w, maszyn budowlanych, aut itp. Ceny wynajmu myjki: \u2013 1 dzie\u0144...","og_url":"https:\/\/odkurzacz.selit.pl\/index.php\/myjka-cisnieniowa\/","og_site_name":"Wypo\u017cyczalnia sprz\u0119tu czyszcz\u0105cego, ozonowanie, dezynfekcja.","article_modified_time":"2026-04-29T15:28:37+00:00","og_image":[{"width":800,"height":800,"url":"https:\/\/odkurzacz.selit.pl\/wp-content\/uploads\/2020\/04\/przystawka-do-czyszczenia-fr-classic.jpg","type":"image\/jpeg"}],"twitter_card":"summary_large_image","twitter_misc":{"Szacowany czas czytania":"2 minuty"},"schema":{"@context":"https:\/\/schema.org","@graph":[{"@type":"WebPage","@id":"https:\/\/odkurzacz.selit.pl\/index.php\/myjka-cisnieniowa\/","url":"https:\/\/odkurzacz.selit.pl\/index.php\/myjka-cisnieniowa\/","name":"Myjka ci\u015bnieniowa - Wypo\u017cyczalnia sprz\u0119tu czyszcz\u0105cego, ozonowanie, dezynfekcja.","isPartOf":{"@id":"https:\/\/odkurzacz.selit.pl\/#website"},"primaryImageOfPage":{"@id":"https:\/\/odkurzacz.selit.pl\/index.php\/myjka-cisnieniowa\/#primaryimage"},"image":{"@id":"https:\/\/odkurzacz.selit.pl\/index.php\/myjka-cisnieniowa\/#primaryimage"},"thumbnailUrl":"http:\/\/odkurzacz.selit.pl\/wp-content\/uploads\/2020\/04\/przystawka-do-czyszczenia-fr-classic-300x300.jpg","datePublished":"2020-04-29T10:04:03+00:00","dateModified":"2026-04-29T15:28:37+00:00","breadcrumb":{"@id":"https:\/\/odkurzacz.selit.pl\/index.php\/myjka-cisnieniowa\/#breadcrumb"},"inLanguage":"pl-PL","potentialAction":[{"@type":"ReadAction","target":["https:\/\/odkurzacz.selit.pl\/index.php\/myjka-cisnieniowa\/"]}]},{"@type":"ImageObject","inLanguage":"pl-PL","@id":"https:\/\/odkurzacz.selit.pl\/index.php\/myjka-cisnieniowa\/#primaryimage","url":"https:\/\/odkurzacz.selit.pl\/wp-content\/uploads\/2020\/04\/przystawka-do-czyszczenia-fr-classic.jpg","contentUrl":"https:\/\/odkurzacz.selit.pl\/wp-content\/uploads\/2020\/04\/przystawka-do-czyszczenia-fr-classic.jpg","width":800,"height":800},{"@type":"BreadcrumbList","@id":"https:\/\/odkurzacz.selit.pl\/index.php\/myjka-cisnieniowa\/#breadcrumb","itemListElement":[{"@type":"ListItem","position":1,"name":"Strona g\u0142\u00f3wna","item":"https:\/\/odkurzacz.selit.pl\/"},{"@type":"ListItem","position":2,"name":"Myjka ci\u015bnieniowa"}]},{"@type":"WebSite","@id":"https:\/\/odkurzacz.selit.pl\/#website","url":"https:\/\/odkurzacz.selit.pl\/","name":"Wypo\u017cyczalnia sprz\u0119tu czyszcz\u0105cego, ozonowanie, dezynfekcja.","description":"Szczecin, tel. 691 991 473, biuro@selit.pl","potentialAction":[{"@type":"SearchAction","target":{"@type":"EntryPoint","urlTemplate":"https:\/\/odkurzacz.selit.pl\/?s={search_term_string}"},"query-input":{"@type":"PropertyValueSpecification","valueRequired":true,"valueName":"search_term_string"}}],"inLanguage":"pl-PL"}]}},"_links":{"self":[{"href":"https:\/\/odkurzacz.selit.pl\/index.php\/wp-json\/wp\/v2\/pages\/124","targetHints":{"allow":["GET"]}}],"collection":[{"href":"https:\/\/odkurzacz.selit.pl\/index.php\/wp-json\/wp\/v2\/pages"}],"about":[{"href":"https:\/\/odkurzacz.selit.pl\/index.php\/wp-json\/wp\/v2\/types\/page"}],"author":[{"embeddable":true,"href":"https:\/\/odkurzacz.selit.pl\/index.php\/wp-json\/wp\/v2\/users\/2"}],"replies":[{"embeddable":true,"href":"https:\/\/odkurzacz.selit.pl\/index.php\/wp-json\/wp\/v2\/comments?post=124"}],"version-history":[{"count":4,"href":"https:\/\/odkurzacz.selit.pl\/index.php\/wp-json\/wp\/v2\/pages\/124\/revisions"}],"predecessor-version":[{"id":310,"href":"https:\/\/odkurzacz.selit.pl\/index.php\/wp-json\/wp\/v2\/pages\/124\/revisions\/310"}],"wp:attachment":[{"href":"https:\/\/odkurzacz.selit.pl\/index.php\/wp-json\/wp\/v2\/media?parent=124"}],"curies":[{"name":"wp","href":"https:\/\/api.w.org\/{rel}","templated":true}]}}