{"id":21,"date":"2018-12-01T18:20:28","date_gmt":"2018-12-01T17:20:28","guid":{"rendered":"http:\/\/odkurzacz.selit.pl\/?page_id=21"},"modified":"2020-04-30T09:59:24","modified_gmt":"2020-04-30T07:59:24","slug":"zasady-wypozyczenia","status":"publish","type":"page","link":"https:\/\/odkurzacz.selit.pl\/index.php\/zasady-wypozyczenia\/","title":{"rendered":"Zasady wypo\u017cyczenia"},"content":{"rendered":"<p><strong>Zasady wypo\u017cyczenia:<\/strong><\/p>\n<ul>\n<li>Podpisana umowa najmu; nie pobieramy kaucji<\/li>\n<li>Zapewniamy instrukta\u017c obs\u0142ugi, do\u0142\u0105czamy instrukcj\u0119.<\/li>\n<li>Sprz\u0119t wypo\u017cyczamy na dob\u0119 lub weekend.<\/li>\n<li>Op\u0142ata pobierana jest w momencie wypo\u017cyczenia sprz\u0119tu.<\/li>\n<li>Mo\u017cliwo\u015b\u0107 dostarczenie urz\u0105dzenia pod wskazany adres i odbioru. Na terenie Warszewa, Osowa i okolic transport gratis &#8211; pozosta\u0142e dzielnice cena ustalana indywidualnie.<\/li>\n<\/ul>\n","protected":false},"excerpt":{"rendered":"<p>Zasady wypo\u017cyczenia: Podpisana umowa najmu; nie pobieramy kaucji Zapewniamy instrukta\u017c obs\u0142ugi, do\u0142\u0105czamy instrukcj\u0119. Sprz\u0119t wypo\u017cyczamy na dob\u0119 lub weekend. Op\u0142ata pobierana jest w momencie wypo\u017cyczenia sprz\u0119tu. Mo\u017cliwo\u015b\u0107 dostarczenie urz\u0105dzenia pod wskazany adres i odbioru. Na terenie Warszewa, Osowa i okolic transport gratis &#8211; pozosta\u0142e dzielnice cena ustalana indywidualnie.<\/p>\n","protected":false},"author":1,"featured_media":0,"parent":0,"menu_order":0,"comment_status":"closed","ping_status":"closed","template":"","meta":{"footnotes":""},"class_list":["post-21","page","type-page","status-publish","hentry"],"yoast_head":"<!-- This site is optimized with the Yoast SEO plugin v25.7 - https:\/\/yoast.com\/wordpress\/plugins\/seo\/ -->\n<title>Zasady wypo\u017cyczenia - Wypo\u017cyczalnia sprz\u0119tu czyszcz\u0105cego, ozonowanie, dezynfekcja.<\/title>\n<meta name=\"robots\" content=\"index, follow, max-snippet:-1, max-image-preview:large, max-video-preview:-1\" \/>\n<link rel=\"canonical\" href=\"https:\/\/odkurzacz.selit.pl\/index.php\/zasady-wypozyczenia\/\" \/>\n<meta property=\"og:locale\" content=\"pl_PL\" \/>\n<meta property=\"og:type\" content=\"article\" \/>\n<meta property=\"og:title\" content=\"Zasady wypo\u017cyczenia - Wypo\u017cyczalnia sprz\u0119tu czyszcz\u0105cego, ozonowanie, dezynfekcja.\" \/>\n<meta property=\"og:description\" content=\"Zasady wypo\u017cyczenia: Podpisana umowa najmu; nie pobieramy kaucji Zapewniamy instrukta\u017c obs\u0142ugi, do\u0142\u0105czamy instrukcj\u0119. Sprz\u0119t wypo\u017cyczamy na dob\u0119 lub weekend. Op\u0142ata pobierana jest w momencie wypo\u017cyczenia sprz\u0119tu. Mo\u017cliwo\u015b\u0107 dostarczenie urz\u0105dzenia pod wskazany adres i odbioru. Na terenie Warszewa, Osowa i okolic transport gratis &#8211; pozosta\u0142e dzielnice cena ustalana indywidualnie.\" \/>\n<meta property=\"og:url\" content=\"https:\/\/odkurzacz.selit.pl\/index.php\/zasady-wypozyczenia\/\" \/>\n<meta property=\"og:site_name\" content=\"Wypo\u017cyczalnia sprz\u0119tu czyszcz\u0105cego, ozonowanie, dezynfekcja.\" \/>\n<meta property=\"article:modified_time\" content=\"2020-04-30T07:59:24+00:00\" \/>\n<meta name=\"twitter:card\" content=\"summary_large_image\" \/>\n<!-- \/ Yoast SEO plugin. -->","yoast_head_json":{"title":"Zasady wypo\u017cyczenia - Wypo\u017cyczalnia sprz\u0119tu czyszcz\u0105cego, ozonowanie, dezynfekcja.","robots":{"index":"index","follow":"follow","max-snippet":"max-snippet:-1","max-image-preview":"max-image-preview:large","max-video-preview":"max-video-preview:-1"},"canonical":"https:\/\/odkurzacz.selit.pl\/index.php\/zasady-wypozyczenia\/","og_locale":"pl_PL","og_type":"article","og_title":"Zasady wypo\u017cyczenia - Wypo\u017cyczalnia sprz\u0119tu czyszcz\u0105cego, ozonowanie, dezynfekcja.","og_description":"Zasady wypo\u017cyczenia: Podpisana umowa najmu; nie pobieramy kaucji Zapewniamy instrukta\u017c obs\u0142ugi, do\u0142\u0105czamy instrukcj\u0119. Sprz\u0119t wypo\u017cyczamy na dob\u0119 lub weekend. Op\u0142ata pobierana jest w momencie wypo\u017cyczenia sprz\u0119tu. Mo\u017cliwo\u015b\u0107 dostarczenie urz\u0105dzenia pod wskazany adres i odbioru. Na terenie Warszewa, Osowa i okolic transport gratis &#8211; pozosta\u0142e dzielnice cena ustalana indywidualnie.","og_url":"https:\/\/odkurzacz.selit.pl\/index.php\/zasady-wypozyczenia\/","og_site_name":"Wypo\u017cyczalnia sprz\u0119tu czyszcz\u0105cego, ozonowanie, dezynfekcja.","article_modified_time":"2020-04-30T07:59:24+00:00","twitter_card":"summary_large_image","schema":{"@context":"https:\/\/schema.org","@graph":[{"@type":"WebPage","@id":"https:\/\/odkurzacz.selit.pl\/index.php\/zasady-wypozyczenia\/","url":"https:\/\/odkurzacz.selit.pl\/index.php\/zasady-wypozyczenia\/","name":"Zasady wypo\u017cyczenia - Wypo\u017cyczalnia sprz\u0119tu czyszcz\u0105cego, ozonowanie, dezynfekcja.","isPartOf":{"@id":"https:\/\/odkurzacz.selit.pl\/#website"},"datePublished":"2018-12-01T17:20:28+00:00","dateModified":"2020-04-30T07:59:24+00:00","breadcrumb":{"@id":"https:\/\/odkurzacz.selit.pl\/index.php\/zasady-wypozyczenia\/#breadcrumb"},"inLanguage":"pl-PL","potentialAction":[{"@type":"ReadAction","target":["https:\/\/odkurzacz.selit.pl\/index.php\/zasady-wypozyczenia\/"]}]},{"@type":"BreadcrumbList","@id":"https:\/\/odkurzacz.selit.pl\/index.php\/zasady-wypozyczenia\/#breadcrumb","itemListElement":[{"@type":"ListItem","position":1,"name":"Strona g\u0142\u00f3wna","item":"https:\/\/odkurzacz.selit.pl\/"},{"@type":"ListItem","position":2,"name":"Zasady wypo\u017cyczenia"}]},{"@type":"WebSite","@id":"https:\/\/odkurzacz.selit.pl\/#website","url":"https:\/\/odkurzacz.selit.pl\/","name":"Wypo\u017cyczalnia sprz\u0119tu czyszcz\u0105cego, ozonowanie, dezynfekcja.","description":"Szczecin, tel. 691 991 473, biuro@selit.pl","potentialAction":[{"@type":"SearchAction","target":{"@type":"EntryPoint","urlTemplate":"https:\/\/odkurzacz.selit.pl\/?s={search_term_string}"},"query-input":{"@type":"PropertyValueSpecification","valueRequired":true,"valueName":"search_term_string"}}],"inLanguage":"pl-PL"}]}},"_links":{"self":[{"href":"https:\/\/odkurzacz.selit.pl\/index.php\/wp-json\/wp\/v2\/pages\/21","targetHints":{"allow":["GET"]}}],"collection":[{"href":"https:\/\/odkurzacz.selit.pl\/index.php\/wp-json\/wp\/v2\/pages"}],"about":[{"href":"https:\/\/odkurzacz.selit.pl\/index.php\/wp-json\/wp\/v2\/types\/page"}],"author":[{"embeddable":true,"href":"https:\/\/odkurzacz.selit.pl\/index.php\/wp-json\/wp\/v2\/users\/1"}],"replies":[{"embeddable":true,"href":"https:\/\/odkurzacz.selit.pl\/index.php\/wp-json\/wp\/v2\/comments?post=21"}],"version-history":[{"count":8,"href":"https:\/\/odkurzacz.selit.pl\/index.php\/wp-json\/wp\/v2\/pages\/21\/revisions"}],"predecessor-version":[{"id":130,"href":"https:\/\/odkurzacz.selit.pl\/index.php\/wp-json\/wp\/v2\/pages\/21\/revisions\/130"}],"wp:attachment":[{"href":"https:\/\/odkurzacz.selit.pl\/index.php\/wp-json\/wp\/v2\/media?parent=21"}],"curies":[{"name":"wp","href":"https:\/\/api.w.org\/{rel}","templated":true}]}}