{"id":237,"date":"2021-11-15T07:29:32","date_gmt":"2021-11-15T06:29:32","guid":{"rendered":"http:\/\/odkurzacz.selit.pl\/?page_id=237"},"modified":"2021-11-15T07:29:32","modified_gmt":"2021-11-15T06:29:32","slug":"nagrzewnica","status":"publish","type":"page","link":"https:\/\/odkurzacz.selit.pl\/index.php\/nagrzewnica\/","title":{"rendered":"Nagrzewnica"},"content":{"rendered":"<p><strong><img loading=\"lazy\" decoding=\"async\" class=\"alignnone size-medium wp-image-238\" src=\"http:\/\/odkurzacz.selit.pl\/wp-content\/uploads\/2021\/11\/10060842-nagrzewnica-dmuchawa-budowlana-do-suszenia-scian-tynku-prostokatna-230v-3300w-hurtownia-sklep-cena-allegro-300x300.jpg\" alt=\"\" width=\"300\" height=\"300\" srcset=\"https:\/\/odkurzacz.selit.pl\/wp-content\/uploads\/2021\/11\/10060842-nagrzewnica-dmuchawa-budowlana-do-suszenia-scian-tynku-prostokatna-230v-3300w-hurtownia-sklep-cena-allegro-300x300.jpg 300w, https:\/\/odkurzacz.selit.pl\/wp-content\/uploads\/2021\/11\/10060842-nagrzewnica-dmuchawa-budowlana-do-suszenia-scian-tynku-prostokatna-230v-3300w-hurtownia-sklep-cena-allegro-1024x1024.jpg 1024w, https:\/\/odkurzacz.selit.pl\/wp-content\/uploads\/2021\/11\/10060842-nagrzewnica-dmuchawa-budowlana-do-suszenia-scian-tynku-prostokatna-230v-3300w-hurtownia-sklep-cena-allegro-150x150.jpg 150w, https:\/\/odkurzacz.selit.pl\/wp-content\/uploads\/2021\/11\/10060842-nagrzewnica-dmuchawa-budowlana-do-suszenia-scian-tynku-prostokatna-230v-3300w-hurtownia-sklep-cena-allegro-768x768.jpg 768w, https:\/\/odkurzacz.selit.pl\/wp-content\/uploads\/2021\/11\/10060842-nagrzewnica-dmuchawa-budowlana-do-suszenia-scian-tynku-prostokatna-230v-3300w-hurtownia-sklep-cena-allegro-1536x1536.jpg 1536w, https:\/\/odkurzacz.selit.pl\/wp-content\/uploads\/2021\/11\/10060842-nagrzewnica-dmuchawa-budowlana-do-suszenia-scian-tynku-prostokatna-230v-3300w-hurtownia-sklep-cena-allegro-491x491.jpg 491w, https:\/\/odkurzacz.selit.pl\/wp-content\/uploads\/2021\/11\/10060842-nagrzewnica-dmuchawa-budowlana-do-suszenia-scian-tynku-prostokatna-230v-3300w-hurtownia-sklep-cena-allegro-390x390.jpg 390w, https:\/\/odkurzacz.selit.pl\/wp-content\/uploads\/2021\/11\/10060842-nagrzewnica-dmuchawa-budowlana-do-suszenia-scian-tynku-prostokatna-230v-3300w-hurtownia-sklep-cena-allegro-370x370.jpg 370w, https:\/\/odkurzacz.selit.pl\/wp-content\/uploads\/2021\/11\/10060842-nagrzewnica-dmuchawa-budowlana-do-suszenia-scian-tynku-prostokatna-230v-3300w-hurtownia-sklep-cena-allegro.jpg 1600w\" sizes=\"auto, (max-width: 300px) 100vw, 300px\" \/><\/strong><\/p>\n<p><strong>Oferujemy wypo\u017cyczenie nagrzewnicy <\/strong>elektrycznej, kt\u00f3ra pomo\u017ce w ogrzewaniu i osuszaniu najr\u00f3\u017cniejszych pomieszcze\u0144 w domach, mieszkaniach, piwnicach, gara\u017cach, magazynach, fabrykach czy warsztatach.<\/p>\n<p>Urz\u0105dzenie dysponuje moc\u0105 grzewcz\u0105 wynosz\u0105ca a\u017c 3300W, co pozwala uzyska\u0107 przep\u0142yw rz\u0119du 507 m3\/h. Dzi\u0119ki temu powietrze ogrzewa si\u0119 bardzo szybko. Jest czyste i suche, co umo\u017cliwia usuwanie nadmiernej wilgoci z pomieszcze\u0144. Nagrzewnica wyposa\u017cona zosta\u0142a w regulacj\u0119 mocy za pomoc\u0105 4-stopniowego prze\u0142\u0105cznika oraz pokr\u0119t\u0142o do ustawiania temperatury. Pracuje cicho i nie jest uci\u0105\u017cliwa dla otoczenia. Funkcja inteligentnej kontroli wy\u0142\u0105cza grza\u0142k\u0119 po osi\u0105gni\u0119ciu wybranego poziomu ciep\u0142a, po czym w\u0142\u0105cza ponownie, gdy temperatura spadnie poni\u017cej \u017c\u0105danej warto\u015bci.<\/p>\n<p>Ze wzgl\u0119du na niewielk\u0105 wag\u0119 (4,8 kg) i kompaktowe wymiary przemieszczanie urz\u0105dzenia nie sprawia problem\u00f3w. Dodatkowo transport zosta\u0142 u\u0142atwiony przez por\u0119czny uchwyt.<\/p>\n<p>Ceny wynajmu osuszacza:<br \/>\n\u2013 1 dzie\u0144 35 PLN<br \/>\n\u2013 od 2 do 3 dni \u2013 30 z\u0142 za 1\/dob\u0119 (24h)<br \/>\n\u2013 4 dni i wi\u0119cej \u2013 25 z\u0142 za 1\/dob\u0119 (24h)<\/p>\n<p>W zestawie z osuszaczem powietrza, wynajem nagrzewnicy w cenie 20 pln za dob\u0119.<\/p>\n<p><img loading=\"lazy\" decoding=\"async\" class=\"alignnone size-full wp-image-239\" src=\"http:\/\/odkurzacz.selit.pl\/wp-content\/uploads\/2021\/11\/indeks.jpg\" alt=\"\" width=\"225\" height=\"225\" srcset=\"https:\/\/odkurzacz.selit.pl\/wp-content\/uploads\/2021\/11\/indeks.jpg 225w, https:\/\/odkurzacz.selit.pl\/wp-content\/uploads\/2021\/11\/indeks-150x150.jpg 150w\" sizes=\"auto, (max-width: 225px) 100vw, 225px\" \/><\/p>\n","protected":false},"excerpt":{"rendered":"<p>Oferujemy wypo\u017cyczenie nagrzewnicy elektrycznej, kt\u00f3ra pomo\u017ce w ogrzewaniu i osuszaniu najr\u00f3\u017cniejszych pomieszcze\u0144 w domach, mieszkaniach, piwnicach, gara\u017cach, magazynach, fabrykach czy warsztatach. Urz\u0105dzenie dysponuje moc\u0105 grzewcz\u0105 wynosz\u0105ca a\u017c 3300W, co pozwala uzyska\u0107 przep\u0142yw rz\u0119du 507 m3\/h. Dzi\u0119ki temu powietrze ogrzewa si\u0119 bardzo szybko. Jest czyste i suche, co umo\u017cliwia usuwanie nadmiernej wilgoci z pomieszcze\u0144. Nagrzewnica wyposa\u017cona&#8230;<\/p>\n","protected":false},"author":2,"featured_media":0,"parent":0,"menu_order":0,"comment_status":"closed","ping_status":"closed","template":"","meta":{"footnotes":""},"class_list":["post-237","page","type-page","status-publish","hentry"],"yoast_head":"<!-- This site is optimized with the Yoast SEO plugin v25.7 - https:\/\/yoast.com\/wordpress\/plugins\/seo\/ -->\n<title>Nagrzewnica - Wypo\u017cyczalnia sprz\u0119tu czyszcz\u0105cego, ozonowanie, dezynfekcja.<\/title>\n<meta name=\"robots\" content=\"index, follow, max-snippet:-1, max-image-preview:large, max-video-preview:-1\" \/>\n<link rel=\"canonical\" href=\"https:\/\/odkurzacz.selit.pl\/index.php\/nagrzewnica\/\" \/>\n<meta property=\"og:locale\" content=\"pl_PL\" \/>\n<meta property=\"og:type\" content=\"article\" \/>\n<meta property=\"og:title\" content=\"Nagrzewnica - Wypo\u017cyczalnia sprz\u0119tu czyszcz\u0105cego, ozonowanie, dezynfekcja.\" \/>\n<meta property=\"og:description\" content=\"Oferujemy wypo\u017cyczenie nagrzewnicy elektrycznej, kt\u00f3ra pomo\u017ce w ogrzewaniu i osuszaniu najr\u00f3\u017cniejszych pomieszcze\u0144 w domach, mieszkaniach, piwnicach, gara\u017cach, magazynach, fabrykach czy warsztatach. Urz\u0105dzenie dysponuje moc\u0105 grzewcz\u0105 wynosz\u0105ca a\u017c 3300W, co pozwala uzyska\u0107 przep\u0142yw rz\u0119du 507 m3\/h. Dzi\u0119ki temu powietrze ogrzewa si\u0119 bardzo szybko. Jest czyste i suche, co umo\u017cliwia usuwanie nadmiernej wilgoci z pomieszcze\u0144. Nagrzewnica wyposa\u017cona...\" \/>\n<meta property=\"og:url\" content=\"https:\/\/odkurzacz.selit.pl\/index.php\/nagrzewnica\/\" \/>\n<meta property=\"og:site_name\" content=\"Wypo\u017cyczalnia sprz\u0119tu czyszcz\u0105cego, ozonowanie, dezynfekcja.\" \/>\n<meta property=\"og:image\" content=\"http:\/\/odkurzacz.selit.pl\/wp-content\/uploads\/2021\/11\/10060842-nagrzewnica-dmuchawa-budowlana-do-suszenia-scian-tynku-prostokatna-230v-3300w-hurtownia-sklep-cena-allegro-300x300.jpg\" \/>\n<meta name=\"twitter:card\" content=\"summary_large_image\" \/>\n<meta name=\"twitter:label1\" content=\"Szacowany czas czytania\" \/>\n\t<meta name=\"twitter:data1\" content=\"1 minuta\" \/>\n<!-- \/ Yoast SEO plugin. -->","yoast_head_json":{"title":"Nagrzewnica - Wypo\u017cyczalnia sprz\u0119tu czyszcz\u0105cego, ozonowanie, dezynfekcja.","robots":{"index":"index","follow":"follow","max-snippet":"max-snippet:-1","max-image-preview":"max-image-preview:large","max-video-preview":"max-video-preview:-1"},"canonical":"https:\/\/odkurzacz.selit.pl\/index.php\/nagrzewnica\/","og_locale":"pl_PL","og_type":"article","og_title":"Nagrzewnica - Wypo\u017cyczalnia sprz\u0119tu czyszcz\u0105cego, ozonowanie, dezynfekcja.","og_description":"Oferujemy wypo\u017cyczenie nagrzewnicy elektrycznej, kt\u00f3ra pomo\u017ce w ogrzewaniu i osuszaniu najr\u00f3\u017cniejszych pomieszcze\u0144 w domach, mieszkaniach, piwnicach, gara\u017cach, magazynach, fabrykach czy warsztatach. Urz\u0105dzenie dysponuje moc\u0105 grzewcz\u0105 wynosz\u0105ca a\u017c 3300W, co pozwala uzyska\u0107 przep\u0142yw rz\u0119du 507 m3\/h. Dzi\u0119ki temu powietrze ogrzewa si\u0119 bardzo szybko. Jest czyste i suche, co umo\u017cliwia usuwanie nadmiernej wilgoci z pomieszcze\u0144. Nagrzewnica wyposa\u017cona...","og_url":"https:\/\/odkurzacz.selit.pl\/index.php\/nagrzewnica\/","og_site_name":"Wypo\u017cyczalnia sprz\u0119tu czyszcz\u0105cego, ozonowanie, dezynfekcja.","og_image":[{"url":"http:\/\/odkurzacz.selit.pl\/wp-content\/uploads\/2021\/11\/10060842-nagrzewnica-dmuchawa-budowlana-do-suszenia-scian-tynku-prostokatna-230v-3300w-hurtownia-sklep-cena-allegro-300x300.jpg","type":"","width":"","height":""}],"twitter_card":"summary_large_image","twitter_misc":{"Szacowany czas czytania":"1 minuta"},"schema":{"@context":"https:\/\/schema.org","@graph":[{"@type":"WebPage","@id":"https:\/\/odkurzacz.selit.pl\/index.php\/nagrzewnica\/","url":"https:\/\/odkurzacz.selit.pl\/index.php\/nagrzewnica\/","name":"Nagrzewnica - Wypo\u017cyczalnia sprz\u0119tu czyszcz\u0105cego, ozonowanie, dezynfekcja.","isPartOf":{"@id":"https:\/\/odkurzacz.selit.pl\/#website"},"primaryImageOfPage":{"@id":"https:\/\/odkurzacz.selit.pl\/index.php\/nagrzewnica\/#primaryimage"},"image":{"@id":"https:\/\/odkurzacz.selit.pl\/index.php\/nagrzewnica\/#primaryimage"},"thumbnailUrl":"http:\/\/odkurzacz.selit.pl\/wp-content\/uploads\/2021\/11\/10060842-nagrzewnica-dmuchawa-budowlana-do-suszenia-scian-tynku-prostokatna-230v-3300w-hurtownia-sklep-cena-allegro-300x300.jpg","datePublished":"2021-11-15T06:29:32+00:00","breadcrumb":{"@id":"https:\/\/odkurzacz.selit.pl\/index.php\/nagrzewnica\/#breadcrumb"},"inLanguage":"pl-PL","potentialAction":[{"@type":"ReadAction","target":["https:\/\/odkurzacz.selit.pl\/index.php\/nagrzewnica\/"]}]},{"@type":"ImageObject","inLanguage":"pl-PL","@id":"https:\/\/odkurzacz.selit.pl\/index.php\/nagrzewnica\/#primaryimage","url":"https:\/\/odkurzacz.selit.pl\/wp-content\/uploads\/2021\/11\/10060842-nagrzewnica-dmuchawa-budowlana-do-suszenia-scian-tynku-prostokatna-230v-3300w-hurtownia-sklep-cena-allegro.jpg","contentUrl":"https:\/\/odkurzacz.selit.pl\/wp-content\/uploads\/2021\/11\/10060842-nagrzewnica-dmuchawa-budowlana-do-suszenia-scian-tynku-prostokatna-230v-3300w-hurtownia-sklep-cena-allegro.jpg","width":1600,"height":1600},{"@type":"BreadcrumbList","@id":"https:\/\/odkurzacz.selit.pl\/index.php\/nagrzewnica\/#breadcrumb","itemListElement":[{"@type":"ListItem","position":1,"name":"Strona g\u0142\u00f3wna","item":"https:\/\/odkurzacz.selit.pl\/"},{"@type":"ListItem","position":2,"name":"Nagrzewnica"}]},{"@type":"WebSite","@id":"https:\/\/odkurzacz.selit.pl\/#website","url":"https:\/\/odkurzacz.selit.pl\/","name":"Wypo\u017cyczalnia sprz\u0119tu czyszcz\u0105cego, ozonowanie, dezynfekcja.","description":"Szczecin, tel. 691 991 473, biuro@selit.pl","potentialAction":[{"@type":"SearchAction","target":{"@type":"EntryPoint","urlTemplate":"https:\/\/odkurzacz.selit.pl\/?s={search_term_string}"},"query-input":{"@type":"PropertyValueSpecification","valueRequired":true,"valueName":"search_term_string"}}],"inLanguage":"pl-PL"}]}},"_links":{"self":[{"href":"https:\/\/odkurzacz.selit.pl\/index.php\/wp-json\/wp\/v2\/pages\/237","targetHints":{"allow":["GET"]}}],"collection":[{"href":"https:\/\/odkurzacz.selit.pl\/index.php\/wp-json\/wp\/v2\/pages"}],"about":[{"href":"https:\/\/odkurzacz.selit.pl\/index.php\/wp-json\/wp\/v2\/types\/page"}],"author":[{"embeddable":true,"href":"https:\/\/odkurzacz.selit.pl\/index.php\/wp-json\/wp\/v2\/users\/2"}],"replies":[{"embeddable":true,"href":"https:\/\/odkurzacz.selit.pl\/index.php\/wp-json\/wp\/v2\/comments?post=237"}],"version-history":[{"count":1,"href":"https:\/\/odkurzacz.selit.pl\/index.php\/wp-json\/wp\/v2\/pages\/237\/revisions"}],"predecessor-version":[{"id":240,"href":"https:\/\/odkurzacz.selit.pl\/index.php\/wp-json\/wp\/v2\/pages\/237\/revisions\/240"}],"wp:attachment":[{"href":"https:\/\/odkurzacz.selit.pl\/index.php\/wp-json\/wp\/v2\/media?parent=237"}],"curies":[{"name":"wp","href":"https:\/\/api.w.org\/{rel}","templated":true}]}}