{"id":242,"date":"2021-11-18T20:42:42","date_gmt":"2021-11-18T19:42:42","guid":{"rendered":"http:\/\/odkurzacz.selit.pl\/?page_id=242"},"modified":"2022-01-14T11:06:38","modified_gmt":"2022-01-14T10:06:38","slug":"uslugi","status":"publish","type":"page","link":"https:\/\/odkurzacz.selit.pl\/index.php\/uslugi\/","title":{"rendered":"Us\u0142ugi"},"content":{"rendered":"<p><img loading=\"lazy\" decoding=\"async\" class=\"alignnone size-medium wp-image-244\" src=\"http:\/\/odkurzacz.selit.pl\/wp-content\/uploads\/2021\/11\/d1-300x200.jpg\" alt=\"\" width=\"300\" height=\"200\" srcset=\"https:\/\/odkurzacz.selit.pl\/wp-content\/uploads\/2021\/11\/d1-300x200.jpg 300w, https:\/\/odkurzacz.selit.pl\/wp-content\/uploads\/2021\/11\/d1-1024x683.jpg 1024w, https:\/\/odkurzacz.selit.pl\/wp-content\/uploads\/2021\/11\/d1-768x512.jpg 768w, https:\/\/odkurzacz.selit.pl\/wp-content\/uploads\/2021\/11\/d1-737x491.jpg 737w, https:\/\/odkurzacz.selit.pl\/wp-content\/uploads\/2021\/11\/d1.jpg 1200w\" sizes=\"auto, (max-width: 300px) 100vw, 300px\" \/><img loading=\"lazy\" decoding=\"async\" class=\"alignnone wp-image-245\" src=\"http:\/\/odkurzacz.selit.pl\/wp-content\/uploads\/2021\/11\/images-7.jpg\" alt=\"\" width=\"301\" height=\"200\" \/><\/p>\n<p>Oferujemy us\u0142ugi sprz\u0105tania w domach i biurach, kt\u00f3re elastycznie dostosowujemy do potrzeb klienta. Wykorzystujemy profesjonalny, sprawdzony sprz\u0119t i najwy\u017cszej jako\u015bci \u015brodki czyszcz\u0105ce. Doceniamy Tw\u00f3j czas, a Ty docenisz efekty naszej pracy.<\/p>\n<p><strong>Oferowane us\u0142ugi:<\/strong><\/p>\n<ul>\n<li>Kompleksowe sprz\u0105tanie dom\u00f3w i biur<\/li>\n<li>Sprz\u0105tanie pomieszcze\u0144 zaniedbanych i po remontach<\/li>\n<li>Pranie wyk\u0142adzin i mebli tapicerowanych<\/li>\n<li>Ekologiczne czyszczenie par\u0105<\/li>\n<li>Czyszczenie posadzek, p\u0142ytek i fug<\/li>\n<li>Czyszczenie kostki brukowej, \u015bcian, taras\u00f3w<\/li>\n<li>Mycie okien i przeszkle\u0144<\/li>\n<li>Ozonowanie<\/li>\n<li>Osuszanie<\/li>\n<li>Przepychanie rur<\/li>\n<\/ul>\n<p>&nbsp;<\/p>\n<p><strong>Cena za wykonanie us\u0142ugi sprz\u0105tania dla ka\u017cdego klienta przygotowana jest indywidualnie i zale\u017cy od wielu istotnych czynnik\u00f3w takich jak:<\/strong><\/p>\n<ul>\n<li>metra\u017c powierzchni,<\/li>\n<li>zakres czynno\u015bci,<\/li>\n<li>rodzaj \u015brodk\u00f3w czysto\u015bci i maszyn jakie b\u0119d\u0105 u\u017cywane do wykonania us\u0142ugi,<\/li>\n<li>indywidualnych \u017cycze\u0144 klienta.<\/li>\n<\/ul>\n<p>&nbsp;<\/p>\n<p><strong>Przyk\u0142adowe ceny \u015bwiadczonych us\u0142ug:<\/strong><\/p>\n<ul>\n<li>Pranie naro\u017cnika 90-150 PLN<\/li>\n<li>Pranie dywanu, wyk\u0142adziny 9-10 PLN\/m2<\/li>\n<li>Czyszczenie kostki, elewacji, taras\u00f3w 10-30 PLN\/m2<\/li>\n<li>Czyszczenie posadzki, terakoty, glazury 10-15 PLN\/m2<\/li>\n<li>Ozonowanie 2-3 PLN\/m2<\/li>\n<li>Osuszanie 2-3 PLN\/m2<\/li>\n<\/ul>\n<p>&nbsp;<\/p>\n<p><img loading=\"lazy\" decoding=\"async\" class=\"alignnone size-full wp-image-246\" src=\"http:\/\/odkurzacz.selit.pl\/wp-content\/uploads\/2021\/11\/images.jpg\" alt=\"\" width=\"275\" height=\"183\" \/><img loading=\"lazy\" decoding=\"async\" class=\"alignnone wp-image-247\" src=\"http:\/\/odkurzacz.selit.pl\/wp-content\/uploads\/2021\/11\/zdjecie-nr-2-300x150.jpg\" alt=\"\" width=\"366\" height=\"183\" srcset=\"https:\/\/odkurzacz.selit.pl\/wp-content\/uploads\/2021\/11\/zdjecie-nr-2-300x150.jpg 300w, https:\/\/odkurzacz.selit.pl\/wp-content\/uploads\/2021\/11\/zdjecie-nr-2.jpg 400w\" sizes=\"auto, (max-width: 366px) 100vw, 366px\" \/><\/p>\n","protected":false},"excerpt":{"rendered":"<p>Oferujemy us\u0142ugi sprz\u0105tania w domach i biurach, kt\u00f3re elastycznie dostosowujemy do potrzeb klienta. Wykorzystujemy profesjonalny, sprawdzony sprz\u0119t i najwy\u017cszej jako\u015bci \u015brodki czyszcz\u0105ce. Doceniamy Tw\u00f3j czas, a Ty docenisz efekty naszej pracy. Oferowane us\u0142ugi: Kompleksowe sprz\u0105tanie dom\u00f3w i biur Sprz\u0105tanie pomieszcze\u0144 zaniedbanych i po remontach Pranie wyk\u0142adzin i mebli tapicerowanych Ekologiczne czyszczenie par\u0105 Czyszczenie posadzek, p\u0142ytek&#8230;<\/p>\n","protected":false},"author":2,"featured_media":0,"parent":0,"menu_order":0,"comment_status":"closed","ping_status":"closed","template":"","meta":{"footnotes":""},"class_list":["post-242","page","type-page","status-publish","hentry"],"yoast_head":"<!-- This site is optimized with the Yoast SEO plugin v25.7 - https:\/\/yoast.com\/wordpress\/plugins\/seo\/ -->\n<title>Us\u0142ugi - Wypo\u017cyczalnia sprz\u0119tu czyszcz\u0105cego, ozonowanie, dezynfekcja.<\/title>\n<meta name=\"robots\" content=\"index, follow, max-snippet:-1, max-image-preview:large, max-video-preview:-1\" \/>\n<link rel=\"canonical\" href=\"https:\/\/odkurzacz.selit.pl\/index.php\/uslugi\/\" \/>\n<meta property=\"og:locale\" content=\"pl_PL\" \/>\n<meta property=\"og:type\" content=\"article\" \/>\n<meta property=\"og:title\" content=\"Us\u0142ugi - Wypo\u017cyczalnia sprz\u0119tu czyszcz\u0105cego, ozonowanie, dezynfekcja.\" \/>\n<meta property=\"og:description\" content=\"Oferujemy us\u0142ugi sprz\u0105tania w domach i biurach, kt\u00f3re elastycznie dostosowujemy do potrzeb klienta. Wykorzystujemy profesjonalny, sprawdzony sprz\u0119t i najwy\u017cszej jako\u015bci \u015brodki czyszcz\u0105ce. Doceniamy Tw\u00f3j czas, a Ty docenisz efekty naszej pracy. Oferowane us\u0142ugi: Kompleksowe sprz\u0105tanie dom\u00f3w i biur Sprz\u0105tanie pomieszcze\u0144 zaniedbanych i po remontach Pranie wyk\u0142adzin i mebli tapicerowanych Ekologiczne czyszczenie par\u0105 Czyszczenie posadzek, p\u0142ytek...\" \/>\n<meta property=\"og:url\" content=\"https:\/\/odkurzacz.selit.pl\/index.php\/uslugi\/\" \/>\n<meta property=\"og:site_name\" content=\"Wypo\u017cyczalnia sprz\u0119tu czyszcz\u0105cego, ozonowanie, dezynfekcja.\" \/>\n<meta property=\"article:modified_time\" content=\"2022-01-14T10:06:38+00:00\" \/>\n<meta property=\"og:image\" content=\"http:\/\/odkurzacz.selit.pl\/wp-content\/uploads\/2021\/11\/d1-300x200.jpg\" \/>\n<meta name=\"twitter:card\" content=\"summary_large_image\" \/>\n<meta name=\"twitter:label1\" content=\"Szacowany czas czytania\" \/>\n\t<meta name=\"twitter:data1\" content=\"1 minuta\" \/>\n<!-- \/ Yoast SEO plugin. -->","yoast_head_json":{"title":"Us\u0142ugi - Wypo\u017cyczalnia sprz\u0119tu czyszcz\u0105cego, ozonowanie, dezynfekcja.","robots":{"index":"index","follow":"follow","max-snippet":"max-snippet:-1","max-image-preview":"max-image-preview:large","max-video-preview":"max-video-preview:-1"},"canonical":"https:\/\/odkurzacz.selit.pl\/index.php\/uslugi\/","og_locale":"pl_PL","og_type":"article","og_title":"Us\u0142ugi - Wypo\u017cyczalnia sprz\u0119tu czyszcz\u0105cego, ozonowanie, dezynfekcja.","og_description":"Oferujemy us\u0142ugi sprz\u0105tania w domach i biurach, kt\u00f3re elastycznie dostosowujemy do potrzeb klienta. Wykorzystujemy profesjonalny, sprawdzony sprz\u0119t i najwy\u017cszej jako\u015bci \u015brodki czyszcz\u0105ce. Doceniamy Tw\u00f3j czas, a Ty docenisz efekty naszej pracy. Oferowane us\u0142ugi: Kompleksowe sprz\u0105tanie dom\u00f3w i biur Sprz\u0105tanie pomieszcze\u0144 zaniedbanych i po remontach Pranie wyk\u0142adzin i mebli tapicerowanych Ekologiczne czyszczenie par\u0105 Czyszczenie posadzek, p\u0142ytek...","og_url":"https:\/\/odkurzacz.selit.pl\/index.php\/uslugi\/","og_site_name":"Wypo\u017cyczalnia sprz\u0119tu czyszcz\u0105cego, ozonowanie, dezynfekcja.","article_modified_time":"2022-01-14T10:06:38+00:00","og_image":[{"url":"http:\/\/odkurzacz.selit.pl\/wp-content\/uploads\/2021\/11\/d1-300x200.jpg","type":"","width":"","height":""}],"twitter_card":"summary_large_image","twitter_misc":{"Szacowany czas czytania":"1 minuta"},"schema":{"@context":"https:\/\/schema.org","@graph":[{"@type":"WebPage","@id":"https:\/\/odkurzacz.selit.pl\/index.php\/uslugi\/","url":"https:\/\/odkurzacz.selit.pl\/index.php\/uslugi\/","name":"Us\u0142ugi - Wypo\u017cyczalnia sprz\u0119tu czyszcz\u0105cego, ozonowanie, dezynfekcja.","isPartOf":{"@id":"https:\/\/odkurzacz.selit.pl\/#website"},"primaryImageOfPage":{"@id":"https:\/\/odkurzacz.selit.pl\/index.php\/uslugi\/#primaryimage"},"image":{"@id":"https:\/\/odkurzacz.selit.pl\/index.php\/uslugi\/#primaryimage"},"thumbnailUrl":"http:\/\/odkurzacz.selit.pl\/wp-content\/uploads\/2021\/11\/d1-300x200.jpg","datePublished":"2021-11-18T19:42:42+00:00","dateModified":"2022-01-14T10:06:38+00:00","breadcrumb":{"@id":"https:\/\/odkurzacz.selit.pl\/index.php\/uslugi\/#breadcrumb"},"inLanguage":"pl-PL","potentialAction":[{"@type":"ReadAction","target":["https:\/\/odkurzacz.selit.pl\/index.php\/uslugi\/"]}]},{"@type":"ImageObject","inLanguage":"pl-PL","@id":"https:\/\/odkurzacz.selit.pl\/index.php\/uslugi\/#primaryimage","url":"https:\/\/odkurzacz.selit.pl\/wp-content\/uploads\/2021\/11\/d1.jpg","contentUrl":"https:\/\/odkurzacz.selit.pl\/wp-content\/uploads\/2021\/11\/d1.jpg","width":1200,"height":800},{"@type":"BreadcrumbList","@id":"https:\/\/odkurzacz.selit.pl\/index.php\/uslugi\/#breadcrumb","itemListElement":[{"@type":"ListItem","position":1,"name":"Strona g\u0142\u00f3wna","item":"https:\/\/odkurzacz.selit.pl\/"},{"@type":"ListItem","position":2,"name":"Us\u0142ugi"}]},{"@type":"WebSite","@id":"https:\/\/odkurzacz.selit.pl\/#website","url":"https:\/\/odkurzacz.selit.pl\/","name":"Wypo\u017cyczalnia sprz\u0119tu czyszcz\u0105cego, ozonowanie, dezynfekcja.","description":"Szczecin, tel. 691 991 473, biuro@selit.pl","potentialAction":[{"@type":"SearchAction","target":{"@type":"EntryPoint","urlTemplate":"https:\/\/odkurzacz.selit.pl\/?s={search_term_string}"},"query-input":{"@type":"PropertyValueSpecification","valueRequired":true,"valueName":"search_term_string"}}],"inLanguage":"pl-PL"}]}},"_links":{"self":[{"href":"https:\/\/odkurzacz.selit.pl\/index.php\/wp-json\/wp\/v2\/pages\/242","targetHints":{"allow":["GET"]}}],"collection":[{"href":"https:\/\/odkurzacz.selit.pl\/index.php\/wp-json\/wp\/v2\/pages"}],"about":[{"href":"https:\/\/odkurzacz.selit.pl\/index.php\/wp-json\/wp\/v2\/types\/page"}],"author":[{"embeddable":true,"href":"https:\/\/odkurzacz.selit.pl\/index.php\/wp-json\/wp\/v2\/users\/2"}],"replies":[{"embeddable":true,"href":"https:\/\/odkurzacz.selit.pl\/index.php\/wp-json\/wp\/v2\/comments?post=242"}],"version-history":[{"count":4,"href":"https:\/\/odkurzacz.selit.pl\/index.php\/wp-json\/wp\/v2\/pages\/242\/revisions"}],"predecessor-version":[{"id":277,"href":"https:\/\/odkurzacz.selit.pl\/index.php\/wp-json\/wp\/v2\/pages\/242\/revisions\/277"}],"wp:attachment":[{"href":"https:\/\/odkurzacz.selit.pl\/index.php\/wp-json\/wp\/v2\/media?parent=242"}],"curies":[{"name":"wp","href":"https:\/\/api.w.org\/{rel}","templated":true}]}}