{"id":265,"date":"2022-01-05T20:37:33","date_gmt":"2022-01-05T19:37:33","guid":{"rendered":"http:\/\/odkurzacz.selit.pl\/?page_id=265"},"modified":"2022-01-05T20:37:33","modified_gmt":"2022-01-05T19:37:33","slug":"mlot-wyburzeniowy","status":"publish","type":"page","link":"https:\/\/odkurzacz.selit.pl\/index.php\/mlot-wyburzeniowy\/","title":{"rendered":"M\u0142ot wyburzeniowy"},"content":{"rendered":"<p><img loading=\"lazy\" decoding=\"async\" class=\"alignnone size-medium wp-image-267\" src=\"http:\/\/odkurzacz.selit.pl\/wp-content\/uploads\/2022\/01\/pol_pm_Kraft-Dele-KD1545-Mlot-wyburzeniowy-2500W-50J-39427_4-300x148.jpg\" alt=\"\" width=\"300\" height=\"148\" srcset=\"https:\/\/odkurzacz.selit.pl\/wp-content\/uploads\/2022\/01\/pol_pm_Kraft-Dele-KD1545-Mlot-wyburzeniowy-2500W-50J-39427_4-300x148.jpg 300w, https:\/\/odkurzacz.selit.pl\/wp-content\/uploads\/2022\/01\/pol_pm_Kraft-Dele-KD1545-Mlot-wyburzeniowy-2500W-50J-39427_4-768x380.jpg 768w, https:\/\/odkurzacz.selit.pl\/wp-content\/uploads\/2022\/01\/pol_pm_Kraft-Dele-KD1545-Mlot-wyburzeniowy-2500W-50J-39427_4.jpg 771w\" sizes=\"auto, (max-width: 300px) 100vw, 300px\" \/><img loading=\"lazy\" decoding=\"async\" class=\"alignnone size-medium wp-image-268\" src=\"http:\/\/odkurzacz.selit.pl\/wp-content\/uploads\/2022\/01\/Bez-nazwy-1-300x185.jpg\" alt=\"\" width=\"300\" height=\"185\" srcset=\"https:\/\/odkurzacz.selit.pl\/wp-content\/uploads\/2022\/01\/Bez-nazwy-1-300x185.jpg 300w, https:\/\/odkurzacz.selit.pl\/wp-content\/uploads\/2022\/01\/Bez-nazwy-1-768x474.jpg 768w, https:\/\/odkurzacz.selit.pl\/wp-content\/uploads\/2022\/01\/Bez-nazwy-1-796x491.jpg 796w, https:\/\/odkurzacz.selit.pl\/wp-content\/uploads\/2022\/01\/Bez-nazwy-1.jpg 1000w\" sizes=\"auto, (max-width: 300px) 100vw, 300px\" \/><\/p>\n<p><strong>Oferujemy wypo\u017cyczenie profesjonalnego m\u0142ota wyburzeniowego, kt\u00f3ry <\/strong>znajdzie zastosowanie mi\u0119dzy innymi przy\u00a0<b>burzeniu i kuciu \u015bcian betonowych, wszelkich p\u0142ytek \u015bciennych i pod\u0142ogowych<\/b>, w pracach na zewn\u0105trz lub wewn\u0105trz pomieszcze\u0144 jak i wiele innych.<\/p>\n<p>Ten solidny i bardzo wytrzyma\u0142y m\u0142ot udarowy posiada dodatkowy uchwyt pozwalaj\u0105cy na wygodn\u0105 i efektywn\u0105 prac\u0119. Uchwyt znajduj\u0119 si\u0119 w przedniej cz\u0119\u015bci m\u0142ota, zapewniaj\u0105c bardzo dobr\u0105 stabilno\u015b\u0107, doskona\u0142e przy\u0142o\u017cenie si\u0142 i oferuj\u0105c \u015bwietne wywa\u017cenie, co przek\u0142ada si\u0119 na prac\u0119 bez uci\u0105\u017cliwego zm\u0119czenia.<\/p>\n<p><b>Wysoka energia uderzeniowa i bardzo du\u017ca moc (2500 W)<\/b>\u00a0w po\u0142\u0105czeniu z niewielk\u0105 wag\u0105\u00a0<b>16 kg<\/b>\u00a0sprawia, i\u017c praca z tym urz\u0105dzeniem jest bezproblemowa.<\/p>\n<p>Ceny wynajmu m\u0142ota:<br \/>\n&#8211; 1 dzie\u0144 59 PLN<br \/>\n&#8211; od 2 do 3 dni &#8211; 49z\u0142 za 1\/dob\u0119 (24h)<br \/>\n&#8211; 4 dni i wi\u0119cej \u2013 40z\u0142 za 1\/dob\u0119 (24h)<\/p>\n","protected":false},"excerpt":{"rendered":"<p>Oferujemy wypo\u017cyczenie profesjonalnego m\u0142ota wyburzeniowego, kt\u00f3ry znajdzie zastosowanie mi\u0119dzy innymi przy\u00a0burzeniu i kuciu \u015bcian betonowych, wszelkich p\u0142ytek \u015bciennych i pod\u0142ogowych, w pracach na zewn\u0105trz lub wewn\u0105trz pomieszcze\u0144 jak i wiele innych. Ten solidny i bardzo wytrzyma\u0142y m\u0142ot udarowy posiada dodatkowy uchwyt pozwalaj\u0105cy na wygodn\u0105 i efektywn\u0105 prac\u0119. Uchwyt znajduj\u0119 si\u0119 w przedniej cz\u0119\u015bci m\u0142ota, zapewniaj\u0105c&#8230;<\/p>\n","protected":false},"author":2,"featured_media":0,"parent":0,"menu_order":0,"comment_status":"closed","ping_status":"closed","template":"","meta":{"footnotes":""},"class_list":["post-265","page","type-page","status-publish","hentry"],"yoast_head":"<!-- This site is optimized with the Yoast SEO plugin v25.7 - https:\/\/yoast.com\/wordpress\/plugins\/seo\/ -->\n<title>M\u0142ot wyburzeniowy - Wypo\u017cyczalnia sprz\u0119tu czyszcz\u0105cego, ozonowanie, dezynfekcja.<\/title>\n<meta name=\"robots\" content=\"index, follow, max-snippet:-1, max-image-preview:large, max-video-preview:-1\" \/>\n<link rel=\"canonical\" href=\"https:\/\/odkurzacz.selit.pl\/index.php\/mlot-wyburzeniowy\/\" \/>\n<meta property=\"og:locale\" content=\"pl_PL\" \/>\n<meta property=\"og:type\" content=\"article\" \/>\n<meta property=\"og:title\" content=\"M\u0142ot wyburzeniowy - Wypo\u017cyczalnia sprz\u0119tu czyszcz\u0105cego, ozonowanie, dezynfekcja.\" \/>\n<meta property=\"og:description\" content=\"Oferujemy wypo\u017cyczenie profesjonalnego m\u0142ota wyburzeniowego, kt\u00f3ry znajdzie zastosowanie mi\u0119dzy innymi przy\u00a0burzeniu i kuciu \u015bcian betonowych, wszelkich p\u0142ytek \u015bciennych i pod\u0142ogowych, w pracach na zewn\u0105trz lub wewn\u0105trz pomieszcze\u0144 jak i wiele innych. Ten solidny i bardzo wytrzyma\u0142y m\u0142ot udarowy posiada dodatkowy uchwyt pozwalaj\u0105cy na wygodn\u0105 i efektywn\u0105 prac\u0119. Uchwyt znajduj\u0119 si\u0119 w przedniej cz\u0119\u015bci m\u0142ota, zapewniaj\u0105c...\" \/>\n<meta property=\"og:url\" content=\"https:\/\/odkurzacz.selit.pl\/index.php\/mlot-wyburzeniowy\/\" \/>\n<meta property=\"og:site_name\" content=\"Wypo\u017cyczalnia sprz\u0119tu czyszcz\u0105cego, ozonowanie, dezynfekcja.\" \/>\n<meta property=\"og:image\" content=\"http:\/\/odkurzacz.selit.pl\/wp-content\/uploads\/2022\/01\/pol_pm_Kraft-Dele-KD1545-Mlot-wyburzeniowy-2500W-50J-39427_4-300x148.jpg\" \/>\n<meta name=\"twitter:card\" content=\"summary_large_image\" \/>\n<meta name=\"twitter:label1\" content=\"Szacowany czas czytania\" \/>\n\t<meta name=\"twitter:data1\" content=\"1 minuta\" \/>\n<!-- \/ Yoast SEO plugin. -->","yoast_head_json":{"title":"M\u0142ot wyburzeniowy - Wypo\u017cyczalnia sprz\u0119tu czyszcz\u0105cego, ozonowanie, dezynfekcja.","robots":{"index":"index","follow":"follow","max-snippet":"max-snippet:-1","max-image-preview":"max-image-preview:large","max-video-preview":"max-video-preview:-1"},"canonical":"https:\/\/odkurzacz.selit.pl\/index.php\/mlot-wyburzeniowy\/","og_locale":"pl_PL","og_type":"article","og_title":"M\u0142ot wyburzeniowy - Wypo\u017cyczalnia sprz\u0119tu czyszcz\u0105cego, ozonowanie, dezynfekcja.","og_description":"Oferujemy wypo\u017cyczenie profesjonalnego m\u0142ota wyburzeniowego, kt\u00f3ry znajdzie zastosowanie mi\u0119dzy innymi przy\u00a0burzeniu i kuciu \u015bcian betonowych, wszelkich p\u0142ytek \u015bciennych i pod\u0142ogowych, w pracach na zewn\u0105trz lub wewn\u0105trz pomieszcze\u0144 jak i wiele innych. Ten solidny i bardzo wytrzyma\u0142y m\u0142ot udarowy posiada dodatkowy uchwyt pozwalaj\u0105cy na wygodn\u0105 i efektywn\u0105 prac\u0119. Uchwyt znajduj\u0119 si\u0119 w przedniej cz\u0119\u015bci m\u0142ota, zapewniaj\u0105c...","og_url":"https:\/\/odkurzacz.selit.pl\/index.php\/mlot-wyburzeniowy\/","og_site_name":"Wypo\u017cyczalnia sprz\u0119tu czyszcz\u0105cego, ozonowanie, dezynfekcja.","og_image":[{"url":"http:\/\/odkurzacz.selit.pl\/wp-content\/uploads\/2022\/01\/pol_pm_Kraft-Dele-KD1545-Mlot-wyburzeniowy-2500W-50J-39427_4-300x148.jpg","type":"","width":"","height":""}],"twitter_card":"summary_large_image","twitter_misc":{"Szacowany czas czytania":"1 minuta"},"schema":{"@context":"https:\/\/schema.org","@graph":[{"@type":"WebPage","@id":"https:\/\/odkurzacz.selit.pl\/index.php\/mlot-wyburzeniowy\/","url":"https:\/\/odkurzacz.selit.pl\/index.php\/mlot-wyburzeniowy\/","name":"M\u0142ot wyburzeniowy - Wypo\u017cyczalnia sprz\u0119tu czyszcz\u0105cego, ozonowanie, dezynfekcja.","isPartOf":{"@id":"https:\/\/odkurzacz.selit.pl\/#website"},"primaryImageOfPage":{"@id":"https:\/\/odkurzacz.selit.pl\/index.php\/mlot-wyburzeniowy\/#primaryimage"},"image":{"@id":"https:\/\/odkurzacz.selit.pl\/index.php\/mlot-wyburzeniowy\/#primaryimage"},"thumbnailUrl":"http:\/\/odkurzacz.selit.pl\/wp-content\/uploads\/2022\/01\/pol_pm_Kraft-Dele-KD1545-Mlot-wyburzeniowy-2500W-50J-39427_4-300x148.jpg","datePublished":"2022-01-05T19:37:33+00:00","breadcrumb":{"@id":"https:\/\/odkurzacz.selit.pl\/index.php\/mlot-wyburzeniowy\/#breadcrumb"},"inLanguage":"pl-PL","potentialAction":[{"@type":"ReadAction","target":["https:\/\/odkurzacz.selit.pl\/index.php\/mlot-wyburzeniowy\/"]}]},{"@type":"ImageObject","inLanguage":"pl-PL","@id":"https:\/\/odkurzacz.selit.pl\/index.php\/mlot-wyburzeniowy\/#primaryimage","url":"https:\/\/odkurzacz.selit.pl\/wp-content\/uploads\/2022\/01\/pol_pm_Kraft-Dele-KD1545-Mlot-wyburzeniowy-2500W-50J-39427_4.jpg","contentUrl":"https:\/\/odkurzacz.selit.pl\/wp-content\/uploads\/2022\/01\/pol_pm_Kraft-Dele-KD1545-Mlot-wyburzeniowy-2500W-50J-39427_4.jpg","width":771,"height":381},{"@type":"BreadcrumbList","@id":"https:\/\/odkurzacz.selit.pl\/index.php\/mlot-wyburzeniowy\/#breadcrumb","itemListElement":[{"@type":"ListItem","position":1,"name":"Strona g\u0142\u00f3wna","item":"https:\/\/odkurzacz.selit.pl\/"},{"@type":"ListItem","position":2,"name":"M\u0142ot wyburzeniowy"}]},{"@type":"WebSite","@id":"https:\/\/odkurzacz.selit.pl\/#website","url":"https:\/\/odkurzacz.selit.pl\/","name":"Wypo\u017cyczalnia sprz\u0119tu czyszcz\u0105cego, ozonowanie, dezynfekcja.","description":"Szczecin, tel. 691 991 473, biuro@selit.pl","potentialAction":[{"@type":"SearchAction","target":{"@type":"EntryPoint","urlTemplate":"https:\/\/odkurzacz.selit.pl\/?s={search_term_string}"},"query-input":{"@type":"PropertyValueSpecification","valueRequired":true,"valueName":"search_term_string"}}],"inLanguage":"pl-PL"}]}},"_links":{"self":[{"href":"https:\/\/odkurzacz.selit.pl\/index.php\/wp-json\/wp\/v2\/pages\/265","targetHints":{"allow":["GET"]}}],"collection":[{"href":"https:\/\/odkurzacz.selit.pl\/index.php\/wp-json\/wp\/v2\/pages"}],"about":[{"href":"https:\/\/odkurzacz.selit.pl\/index.php\/wp-json\/wp\/v2\/types\/page"}],"author":[{"embeddable":true,"href":"https:\/\/odkurzacz.selit.pl\/index.php\/wp-json\/wp\/v2\/users\/2"}],"replies":[{"embeddable":true,"href":"https:\/\/odkurzacz.selit.pl\/index.php\/wp-json\/wp\/v2\/comments?post=265"}],"version-history":[{"count":1,"href":"https:\/\/odkurzacz.selit.pl\/index.php\/wp-json\/wp\/v2\/pages\/265\/revisions"}],"predecessor-version":[{"id":269,"href":"https:\/\/odkurzacz.selit.pl\/index.php\/wp-json\/wp\/v2\/pages\/265\/revisions\/269"}],"wp:attachment":[{"href":"https:\/\/odkurzacz.selit.pl\/index.php\/wp-json\/wp\/v2\/media?parent=265"}],"curies":[{"name":"wp","href":"https:\/\/api.w.org\/{rel}","templated":true}]}}