{"id":292,"date":"2023-03-24T13:07:26","date_gmt":"2023-03-24T12:07:26","guid":{"rendered":"http:\/\/odkurzacz.selit.pl\/?page_id=292"},"modified":"2023-03-24T13:08:38","modified_gmt":"2023-03-24T12:08:38","slug":"292-2","status":"publish","type":"page","link":"https:\/\/odkurzacz.selit.pl\/index.php\/292-2\/","title":{"rendered":"Kosiarka"},"content":{"rendered":"<p><img loading=\"lazy\" decoding=\"async\" class=\"alignnone size-medium wp-image-293\" src=\"http:\/\/odkurzacz.selit.pl\/wp-content\/uploads\/2023\/03\/af2e4dd9be668b97e05fee274763d0ed-300x225.jpg\" alt=\"\" width=\"300\" height=\"225\" srcset=\"https:\/\/odkurzacz.selit.pl\/wp-content\/uploads\/2023\/03\/af2e4dd9be668b97e05fee274763d0ed-300x225.jpg 300w, https:\/\/odkurzacz.selit.pl\/wp-content\/uploads\/2023\/03\/af2e4dd9be668b97e05fee274763d0ed.jpg 640w\" sizes=\"auto, (max-width: 300px) 100vw, 300px\" \/><\/p>\n<p>Oferujemy wypo\u017cyczenie kosiarki elektrycznej Makita, kt\u00f3ra zapewni skuteczne koszenie trawy w Twoim ogrodzie.<\/p>\n<p>Przeznaczona do ogrod\u00f3w o powierzchni do 400 m\u00b2.<\/p>\n<p>Mo\u017cliwo\u015b\u0107 koszenia blisko \u015bcian (mo\u017cliwo\u015b\u0107 koszenia w odleg\u0142o\u015bci 15 mm od \u015bciany).<\/p>\n<p>Ceny wynajmu kosiarki:<br \/>\n&#8211; 1 dzie\u0144 59 PLN<br \/>\n&#8211; od 2 do 3 dni &#8211; 49z\u0142 za 1\/dob\u0119 (24h)<br \/>\n&#8211; 4 dni i wi\u0119cej \u2013 40z\u0142 za 1\/dob\u0119 (24h)<\/p>\n","protected":false},"excerpt":{"rendered":"<p>Oferujemy wypo\u017cyczenie kosiarki elektrycznej Makita, kt\u00f3ra zapewni skuteczne koszenie trawy w Twoim ogrodzie. Przeznaczona do ogrod\u00f3w o powierzchni do 400 m\u00b2. Mo\u017cliwo\u015b\u0107 koszenia blisko \u015bcian (mo\u017cliwo\u015b\u0107 koszenia w odleg\u0142o\u015bci 15 mm od \u015bciany). Ceny wynajmu kosiarki: &#8211; 1 dzie\u0144 59 PLN &#8211; od 2 do 3 dni &#8211; 49z\u0142 za 1\/dob\u0119 (24h) &#8211; 4 dni&#8230;<\/p>\n","protected":false},"author":2,"featured_media":293,"parent":0,"menu_order":0,"comment_status":"closed","ping_status":"closed","template":"","meta":{"footnotes":""},"class_list":["post-292","page","type-page","status-publish","has-post-thumbnail","hentry"],"yoast_head":"<!-- This site is optimized with the Yoast SEO plugin v25.7 - https:\/\/yoast.com\/wordpress\/plugins\/seo\/ -->\n<title>Kosiarka - Wypo\u017cyczalnia sprz\u0119tu czyszcz\u0105cego, ozonowanie, dezynfekcja.<\/title>\n<meta name=\"robots\" content=\"index, follow, max-snippet:-1, max-image-preview:large, max-video-preview:-1\" \/>\n<link rel=\"canonical\" href=\"https:\/\/odkurzacz.selit.pl\/index.php\/292-2\/\" \/>\n<meta property=\"og:locale\" content=\"pl_PL\" \/>\n<meta property=\"og:type\" content=\"article\" \/>\n<meta property=\"og:title\" content=\"Kosiarka - Wypo\u017cyczalnia sprz\u0119tu czyszcz\u0105cego, ozonowanie, dezynfekcja.\" \/>\n<meta property=\"og:description\" content=\"Oferujemy wypo\u017cyczenie kosiarki elektrycznej Makita, kt\u00f3ra zapewni skuteczne koszenie trawy w Twoim ogrodzie. Przeznaczona do ogrod\u00f3w o powierzchni do 400 m\u00b2. Mo\u017cliwo\u015b\u0107 koszenia blisko \u015bcian (mo\u017cliwo\u015b\u0107 koszenia w odleg\u0142o\u015bci 15 mm od \u015bciany). Ceny wynajmu kosiarki: &#8211; 1 dzie\u0144 59 PLN &#8211; od 2 do 3 dni &#8211; 49z\u0142 za 1\/dob\u0119 (24h) &#8211; 4 dni...\" \/>\n<meta property=\"og:url\" content=\"https:\/\/odkurzacz.selit.pl\/index.php\/292-2\/\" \/>\n<meta property=\"og:site_name\" content=\"Wypo\u017cyczalnia sprz\u0119tu czyszcz\u0105cego, ozonowanie, dezynfekcja.\" \/>\n<meta property=\"article:modified_time\" content=\"2023-03-24T12:08:38+00:00\" \/>\n<meta property=\"og:image\" content=\"https:\/\/odkurzacz.selit.pl\/wp-content\/uploads\/2023\/03\/af2e4dd9be668b97e05fee274763d0ed.jpg\" \/>\n\t<meta property=\"og:image:width\" content=\"640\" \/>\n\t<meta property=\"og:image:height\" content=\"480\" \/>\n\t<meta property=\"og:image:type\" content=\"image\/jpeg\" \/>\n<meta name=\"twitter:card\" content=\"summary_large_image\" \/>\n<!-- \/ Yoast SEO plugin. -->","yoast_head_json":{"title":"Kosiarka - Wypo\u017cyczalnia sprz\u0119tu czyszcz\u0105cego, ozonowanie, dezynfekcja.","robots":{"index":"index","follow":"follow","max-snippet":"max-snippet:-1","max-image-preview":"max-image-preview:large","max-video-preview":"max-video-preview:-1"},"canonical":"https:\/\/odkurzacz.selit.pl\/index.php\/292-2\/","og_locale":"pl_PL","og_type":"article","og_title":"Kosiarka - Wypo\u017cyczalnia sprz\u0119tu czyszcz\u0105cego, ozonowanie, dezynfekcja.","og_description":"Oferujemy wypo\u017cyczenie kosiarki elektrycznej Makita, kt\u00f3ra zapewni skuteczne koszenie trawy w Twoim ogrodzie. Przeznaczona do ogrod\u00f3w o powierzchni do 400 m\u00b2. Mo\u017cliwo\u015b\u0107 koszenia blisko \u015bcian (mo\u017cliwo\u015b\u0107 koszenia w odleg\u0142o\u015bci 15 mm od \u015bciany). Ceny wynajmu kosiarki: &#8211; 1 dzie\u0144 59 PLN &#8211; od 2 do 3 dni &#8211; 49z\u0142 za 1\/dob\u0119 (24h) &#8211; 4 dni...","og_url":"https:\/\/odkurzacz.selit.pl\/index.php\/292-2\/","og_site_name":"Wypo\u017cyczalnia sprz\u0119tu czyszcz\u0105cego, ozonowanie, dezynfekcja.","article_modified_time":"2023-03-24T12:08:38+00:00","og_image":[{"width":640,"height":480,"url":"https:\/\/odkurzacz.selit.pl\/wp-content\/uploads\/2023\/03\/af2e4dd9be668b97e05fee274763d0ed.jpg","type":"image\/jpeg"}],"twitter_card":"summary_large_image","schema":{"@context":"https:\/\/schema.org","@graph":[{"@type":"WebPage","@id":"https:\/\/odkurzacz.selit.pl\/index.php\/292-2\/","url":"https:\/\/odkurzacz.selit.pl\/index.php\/292-2\/","name":"Kosiarka - Wypo\u017cyczalnia sprz\u0119tu czyszcz\u0105cego, ozonowanie, dezynfekcja.","isPartOf":{"@id":"https:\/\/odkurzacz.selit.pl\/#website"},"primaryImageOfPage":{"@id":"https:\/\/odkurzacz.selit.pl\/index.php\/292-2\/#primaryimage"},"image":{"@id":"https:\/\/odkurzacz.selit.pl\/index.php\/292-2\/#primaryimage"},"thumbnailUrl":"https:\/\/odkurzacz.selit.pl\/wp-content\/uploads\/2023\/03\/af2e4dd9be668b97e05fee274763d0ed.jpg","datePublished":"2023-03-24T12:07:26+00:00","dateModified":"2023-03-24T12:08:38+00:00","breadcrumb":{"@id":"https:\/\/odkurzacz.selit.pl\/index.php\/292-2\/#breadcrumb"},"inLanguage":"pl-PL","potentialAction":[{"@type":"ReadAction","target":["https:\/\/odkurzacz.selit.pl\/index.php\/292-2\/"]}]},{"@type":"ImageObject","inLanguage":"pl-PL","@id":"https:\/\/odkurzacz.selit.pl\/index.php\/292-2\/#primaryimage","url":"https:\/\/odkurzacz.selit.pl\/wp-content\/uploads\/2023\/03\/af2e4dd9be668b97e05fee274763d0ed.jpg","contentUrl":"https:\/\/odkurzacz.selit.pl\/wp-content\/uploads\/2023\/03\/af2e4dd9be668b97e05fee274763d0ed.jpg","width":640,"height":480},{"@type":"BreadcrumbList","@id":"https:\/\/odkurzacz.selit.pl\/index.php\/292-2\/#breadcrumb","itemListElement":[{"@type":"ListItem","position":1,"name":"Strona g\u0142\u00f3wna","item":"https:\/\/odkurzacz.selit.pl\/"},{"@type":"ListItem","position":2,"name":"Kosiarka"}]},{"@type":"WebSite","@id":"https:\/\/odkurzacz.selit.pl\/#website","url":"https:\/\/odkurzacz.selit.pl\/","name":"Wypo\u017cyczalnia sprz\u0119tu czyszcz\u0105cego, ozonowanie, dezynfekcja.","description":"Szczecin, tel. 691 991 473, biuro@selit.pl","potentialAction":[{"@type":"SearchAction","target":{"@type":"EntryPoint","urlTemplate":"https:\/\/odkurzacz.selit.pl\/?s={search_term_string}"},"query-input":{"@type":"PropertyValueSpecification","valueRequired":true,"valueName":"search_term_string"}}],"inLanguage":"pl-PL"}]}},"_links":{"self":[{"href":"https:\/\/odkurzacz.selit.pl\/index.php\/wp-json\/wp\/v2\/pages\/292","targetHints":{"allow":["GET"]}}],"collection":[{"href":"https:\/\/odkurzacz.selit.pl\/index.php\/wp-json\/wp\/v2\/pages"}],"about":[{"href":"https:\/\/odkurzacz.selit.pl\/index.php\/wp-json\/wp\/v2\/types\/page"}],"author":[{"embeddable":true,"href":"https:\/\/odkurzacz.selit.pl\/index.php\/wp-json\/wp\/v2\/users\/2"}],"replies":[{"embeddable":true,"href":"https:\/\/odkurzacz.selit.pl\/index.php\/wp-json\/wp\/v2\/comments?post=292"}],"version-history":[{"count":2,"href":"https:\/\/odkurzacz.selit.pl\/index.php\/wp-json\/wp\/v2\/pages\/292\/revisions"}],"predecessor-version":[{"id":295,"href":"https:\/\/odkurzacz.selit.pl\/index.php\/wp-json\/wp\/v2\/pages\/292\/revisions\/295"}],"wp:featuredmedia":[{"embeddable":true,"href":"https:\/\/odkurzacz.selit.pl\/index.php\/wp-json\/wp\/v2\/media\/293"}],"wp:attachment":[{"href":"https:\/\/odkurzacz.selit.pl\/index.php\/wp-json\/wp\/v2\/media?parent=292"}],"curies":[{"name":"wp","href":"https:\/\/api.w.org\/{rel}","templated":true}]}}