{"id":9,"date":"2018-12-01T18:10:17","date_gmt":"2018-12-01T17:10:17","guid":{"rendered":"http:\/\/odkurzacz.selit.pl\/?page_id=9"},"modified":"2023-03-24T13:10:35","modified_gmt":"2023-03-24T12:10:35","slug":"kontakt","status":"publish","type":"page","link":"https:\/\/odkurzacz.selit.pl\/index.php\/kontakt\/","title":{"rendered":"Kontakt"},"content":{"rendered":"<p>Robert Szczygie\u0142<\/p>\n<p>Ul. Maciejkowa 3\/3<\/p>\n<p>71-784 Szczecin<\/p>\n<p>Tel: 691-991-473<\/p>\n<p>mail: robert@selit.pl<\/p>\n","protected":false},"excerpt":{"rendered":"<p>Robert Szczygie\u0142 Ul. Maciejkowa 3\/3 71-784 Szczecin Tel: 691-991-473 mail: robert@selit.pl<\/p>\n","protected":false},"author":1,"featured_media":0,"parent":0,"menu_order":0,"comment_status":"closed","ping_status":"closed","template":"","meta":{"footnotes":""},"class_list":["post-9","page","type-page","status-publish","hentry"],"yoast_head":"<!-- This site is optimized with the Yoast SEO plugin v25.7 - https:\/\/yoast.com\/wordpress\/plugins\/seo\/ -->\n<title>Kontakt - Wypo\u017cyczalnia sprz\u0119tu czyszcz\u0105cego, ozonowanie, dezynfekcja.<\/title>\n<meta name=\"robots\" content=\"index, follow, max-snippet:-1, max-image-preview:large, max-video-preview:-1\" \/>\n<link rel=\"canonical\" href=\"https:\/\/odkurzacz.selit.pl\/index.php\/kontakt\/\" \/>\n<meta property=\"og:locale\" content=\"pl_PL\" \/>\n<meta property=\"og:type\" content=\"article\" \/>\n<meta property=\"og:title\" content=\"Kontakt - Wypo\u017cyczalnia sprz\u0119tu czyszcz\u0105cego, ozonowanie, dezynfekcja.\" \/>\n<meta property=\"og:description\" content=\"Robert Szczygie\u0142 Ul. Maciejkowa 3\/3 71-784 Szczecin Tel: 691-991-473 mail: robert@selit.pl\" \/>\n<meta property=\"og:url\" content=\"https:\/\/odkurzacz.selit.pl\/index.php\/kontakt\/\" \/>\n<meta property=\"og:site_name\" content=\"Wypo\u017cyczalnia sprz\u0119tu czyszcz\u0105cego, ozonowanie, dezynfekcja.\" \/>\n<meta property=\"article:modified_time\" content=\"2023-03-24T12:10:35+00:00\" \/>\n<meta name=\"twitter:card\" content=\"summary_large_image\" \/>\n<!-- \/ Yoast SEO plugin. -->","yoast_head_json":{"title":"Kontakt - Wypo\u017cyczalnia sprz\u0119tu czyszcz\u0105cego, ozonowanie, dezynfekcja.","robots":{"index":"index","follow":"follow","max-snippet":"max-snippet:-1","max-image-preview":"max-image-preview:large","max-video-preview":"max-video-preview:-1"},"canonical":"https:\/\/odkurzacz.selit.pl\/index.php\/kontakt\/","og_locale":"pl_PL","og_type":"article","og_title":"Kontakt - Wypo\u017cyczalnia sprz\u0119tu czyszcz\u0105cego, ozonowanie, dezynfekcja.","og_description":"Robert Szczygie\u0142 Ul. Maciejkowa 3\/3 71-784 Szczecin Tel: 691-991-473 mail: robert@selit.pl","og_url":"https:\/\/odkurzacz.selit.pl\/index.php\/kontakt\/","og_site_name":"Wypo\u017cyczalnia sprz\u0119tu czyszcz\u0105cego, ozonowanie, dezynfekcja.","article_modified_time":"2023-03-24T12:10:35+00:00","twitter_card":"summary_large_image","schema":{"@context":"https:\/\/schema.org","@graph":[{"@type":"WebPage","@id":"https:\/\/odkurzacz.selit.pl\/index.php\/kontakt\/","url":"https:\/\/odkurzacz.selit.pl\/index.php\/kontakt\/","name":"Kontakt - Wypo\u017cyczalnia sprz\u0119tu czyszcz\u0105cego, ozonowanie, dezynfekcja.","isPartOf":{"@id":"https:\/\/odkurzacz.selit.pl\/#website"},"datePublished":"2018-12-01T17:10:17+00:00","dateModified":"2023-03-24T12:10:35+00:00","breadcrumb":{"@id":"https:\/\/odkurzacz.selit.pl\/index.php\/kontakt\/#breadcrumb"},"inLanguage":"pl-PL","potentialAction":[{"@type":"ReadAction","target":["https:\/\/odkurzacz.selit.pl\/index.php\/kontakt\/"]}]},{"@type":"BreadcrumbList","@id":"https:\/\/odkurzacz.selit.pl\/index.php\/kontakt\/#breadcrumb","itemListElement":[{"@type":"ListItem","position":1,"name":"Strona g\u0142\u00f3wna","item":"https:\/\/odkurzacz.selit.pl\/"},{"@type":"ListItem","position":2,"name":"Kontakt"}]},{"@type":"WebSite","@id":"https:\/\/odkurzacz.selit.pl\/#website","url":"https:\/\/odkurzacz.selit.pl\/","name":"Wypo\u017cyczalnia sprz\u0119tu czyszcz\u0105cego, ozonowanie, dezynfekcja.","description":"Szczecin, tel. 691 991 473, biuro@selit.pl","potentialAction":[{"@type":"SearchAction","target":{"@type":"EntryPoint","urlTemplate":"https:\/\/odkurzacz.selit.pl\/?s={search_term_string}"},"query-input":{"@type":"PropertyValueSpecification","valueRequired":true,"valueName":"search_term_string"}}],"inLanguage":"pl-PL"}]}},"_links":{"self":[{"href":"https:\/\/odkurzacz.selit.pl\/index.php\/wp-json\/wp\/v2\/pages\/9","targetHints":{"allow":["GET"]}}],"collection":[{"href":"https:\/\/odkurzacz.selit.pl\/index.php\/wp-json\/wp\/v2\/pages"}],"about":[{"href":"https:\/\/odkurzacz.selit.pl\/index.php\/wp-json\/wp\/v2\/types\/page"}],"author":[{"embeddable":true,"href":"https:\/\/odkurzacz.selit.pl\/index.php\/wp-json\/wp\/v2\/users\/1"}],"replies":[{"embeddable":true,"href":"https:\/\/odkurzacz.selit.pl\/index.php\/wp-json\/wp\/v2\/comments?post=9"}],"version-history":[{"count":8,"href":"https:\/\/odkurzacz.selit.pl\/index.php\/wp-json\/wp\/v2\/pages\/9\/revisions"}],"predecessor-version":[{"id":281,"href":"https:\/\/odkurzacz.selit.pl\/index.php\/wp-json\/wp\/v2\/pages\/9\/revisions\/281"}],"wp:attachment":[{"href":"https:\/\/odkurzacz.selit.pl\/index.php\/wp-json\/wp\/v2\/media?parent=9"}],"curies":[{"name":"wp","href":"https:\/\/api.w.org\/{rel}","templated":true}]}}